{"id":5245,"date":"2025-04-28T10:08:51","date_gmt":"2025-04-28T10:08:51","guid":{"rendered":"https:\/\/maionais.com\/uncategorized\/mini-buds-cbd-cherry-tonic\/"},"modified":"2025-11-06T13:33:54","modified_gmt":"2025-11-06T13:33:54","slug":"cherry-tonic-cbd-mini","status":"publish","type":"product","link":"https:\/\/maionais.com\/en\/cbd-small-buds\/cherry-tonic-cbd-mini\/","title":{"rendered":"Mini Buds CBD Cherry Tonic"},"content":{"rendered":"<p><b>Descripci\u00f3n general:<\/b><\/p>\n<p>Los <a href=\"https:\/\/maionais.com\/en\/cbd-small-buds\/\">Mini Buds<\/a> CBD Cherry Tonic son peque\u00f1as flores de c\u00e1\u00f1amo que combinan la intensidad arom\u00e1tica de la cereza con matices c\u00edtricos y dulces. A pesar de su tama\u00f1o reducido, estas flores de <a href=\"https:\/\/maionais.com\/en\/\">Maionais CBD<\/a> ofrecen una experiencia sensorial rica y compleja, siendo una opci\u00f3n econ\u00f3mica sin comprometer la calidad. Cultivadas en condiciones controladas, son ideales para quienes buscan una flor de c\u00e1\u00f1amo con un perfil frutal distintivo.<\/p>\n<p><b>Perfil de Cannabinoides:<\/b><\/p>\n<p><span style=\"font-weight: 400;\">CBD : 11,7%, CBG : 0,6 %. THC : 0,2%.<\/span><\/p>\n<p><b>Aspecto:<\/b><\/p>\n<p>Estas flores presentan un color verde claro y una estructura compacta. Su textura es densa y resinosa, lo que facilita su manipulaci\u00f3n y preparaci\u00f3n para diferentes m\u00e9todos de consumo. A pesar de su tama\u00f1o, conservan las caracter\u00edsticas visuales y t\u00e1ctiles de las flores de mayor calibre.<\/p>\n<p><b>Aroma:\u00a0<\/b><\/p>\n<p>El perfil arom\u00e1tico de los Mini Buds CBD Cherry Tonic se caracteriza por notas dulces y afrutadas, evocando la cereza madura, complementadas por matices c\u00edtricos y ligeramente especiados. Esta combinaci\u00f3n ofrece una experiencia sensorial equilibrada y agradable.<\/p>\n<p><b>M\u00e9todo de cultivo:<\/b><\/p>\n<p>Estas flores se cultivan en interiores, lo que permite un control \u00f3ptimo de las condiciones ambientales y garantiza una producci\u00f3n sostenible. Este m\u00e9todo de cultivo combina los beneficios de la luz natural con la protecci\u00f3n contra factores externos, asegurando flores de alta calidad y consistencia en cada cosecha.<\/p>\n<p><b>Perfil de Terpenos:<\/b><\/p>\n<p>El perfil terp\u00e9nico de los Mini Buds CBD Cherry Tonic est\u00e1 dominado por compuestos que aportan notas dulces y afrutadas. Aunque la composici\u00f3n exacta puede variar seg\u00fan el lote, se destacan los terpenos responsables de los aromas caracter\u00edsticos de la cereza y los c\u00edtricos, proporcionando una experiencia olfativa intensa y refrescante.<\/p>\n<p><b>Nota legal: <\/b><span style=\"font-weight: 400;\">Uso para coleccionismo. THC&lt;0.2% de acuerdo al real decreto 1729\/1999.<\/span><\/p>\n","protected":false},"excerpt":{"rendered":"<p>Los <a href=\"https:\/\/maionais.com\/en\/cbd-small-buds\/\">Mini Buds<\/a> Cherry Tonic, tienen un aroma dulce a cereza. Perfectos para quienes buscan calidad y aroma en un formato m\u00e1s econ\u00f3mico.<\/p>\n","protected":false},"featured_media":3129,"comment_status":"open","ping_status":"closed","template":"","meta":{"_acf_changed":false,"_eb_attr":"","site-sidebar-layout":"default","site-content-layout":"","ast-site-content-layout":"default","site-content-style":"default","site-sidebar-style":"default","ast-global-header-display":"","ast-banner-title-visibility":"","ast-main-header-display":"","ast-hfb-above-header-display":"","ast-hfb-below-header-display":"","ast-hfb-mobile-header-display":"","site-post-title":"","ast-breadcrumbs-content":"","ast-featured-img":"","footer-sml-layout":"","theme-transparent-header-meta":"default","adv-header-id-meta":"","stick-header-meta":"","header-above-stick-meta":"","header-main-stick-meta":"","header-below-stick-meta":"","astra-migrate-meta-layouts":"set","ast-page-background-enabled":"default","ast-page-background-meta":{"desktop":{"background-color":"var(--ast-global-color-5)","background-image":"","background-repeat":"repeat","background-position":"center center","background-size":"auto","background-attachment":"scroll","background-type":"","background-media":"","overlay-type":"","overlay-color":"","overlay-opacity":"","overlay-gradient":""},"tablet":{"background-color":"","background-image":"","background-repeat":"repeat","background-position":"center center","background-size":"auto","background-attachment":"scroll","background-type":"","background-media":"","overlay-type":"","overlay-color":"","overlay-opacity":"","overlay-gradient":""},"mobile":{"background-color":"","background-image":"","background-repeat":"repeat","background-position":"center center","background-size":"auto","background-attachment":"scroll","background-type":"","background-media":"","overlay-type":"","overlay-color":"","overlay-opacity":"","overlay-gradient":""}},"ast-content-background-meta":{"desktop":{"background-color":"var(--ast-global-color-4)","background-image":"","background-repeat":"repeat","background-position":"center center","background-size":"auto","background-attachment":"scroll","background-type":"","background-media":"","overlay-type":"","overlay-color":"","overlay-opacity":"","overlay-gradient":""},"tablet":{"background-color":"var(--ast-global-color-4)","background-image":"","background-repeat":"repeat","background-position":"center center","background-size":"auto","background-attachment":"scroll","background-type":"","background-media":"","overlay-type":"","overlay-color":"","overlay-opacity":"","overlay-gradient":""},"mobile":{"background-color":"var(--ast-global-color-4)","background-image":"","background-repeat":"repeat","background-position":"center center","background-size":"auto","background-attachment":"scroll","background-type":"","background-media":"","overlay-type":"","overlay-color":"","overlay-opacity":"","overlay-gradient":""}},"_joinchat":[]},"product_brand":[],"product_cat":[145],"product_tag":[],"class_list":{"0":"post-5245","1":"product","2":"type-product","3":"status-publish","4":"has-post-thumbnail","6":"product_cat-cbd-small-buds","7":"desktop-align-left","8":"tablet-align-left","9":"mobile-align-left","11":"first","12":"outofstock","13":"taxable","14":"shipping-taxable","15":"purchasable","16":"product-type-variable","17":"has-default-attributes","18":"wvs-archive-product-wrapper"},"acf":[],"_links":{"self":[{"href":"https:\/\/maionais.com\/en\/wp-json\/wp\/v2\/product\/5245","targetHints":{"allow":["GET"]}}],"collection":[{"href":"https:\/\/maionais.com\/en\/wp-json\/wp\/v2\/product"}],"about":[{"href":"https:\/\/maionais.com\/en\/wp-json\/wp\/v2\/types\/product"}],"replies":[{"embeddable":true,"href":"https:\/\/maionais.com\/en\/wp-json\/wp\/v2\/comments?post=5245"}],"wp:featuredmedia":[{"embeddable":true,"href":"https:\/\/maionais.com\/en\/wp-json\/wp\/v2\/media\/3129"}],"wp:attachment":[{"href":"https:\/\/maionais.com\/en\/wp-json\/wp\/v2\/media?parent=5245"}],"wp:term":[{"taxonomy":"product_brand","embeddable":true,"href":"https:\/\/maionais.com\/en\/wp-json\/wp\/v2\/product_brand?post=5245"},{"taxonomy":"product_cat","embeddable":true,"href":"https:\/\/maionais.com\/en\/wp-json\/wp\/v2\/product_cat?post=5245"},{"taxonomy":"product_tag","embeddable":true,"href":"https:\/\/maionais.com\/en\/wp-json\/wp\/v2\/product_tag?post=5245"}],"curies":[{"name":"wp","href":"https:\/\/api.w.org\/{rel}","templated":true}]}}