{"id":5418,"date":"2025-01-22T11:53:12","date_gmt":"2025-01-22T11:53:12","guid":{"rendered":"https:\/\/maionais.com\/pagina-de-exemplo\/"},"modified":"2025-08-26T15:52:11","modified_gmt":"2025-08-26T15:52:11","slug":"pagina-de-exemplo","status":"publish","type":"page","link":"https:\/\/maionais.com\/pt-pt\/pagina-de-exemplo\/","title":{"rendered":"P\u00e1gina de exemplo"},"content":{"rendered":"\n<p>Esta \u00e9 uma p\u00e1gina de exemplo. \u00c9 diferente de uma postagem de blog porque ela ficar\u00e1 em um s\u00f3 lugar e aparecer\u00e1 na navega\u00e7\u00e3o do seu site (na maioria dos temas). A maioria das pessoas come\u00e7a com uma p\u00e1gina Sobre que as apresenta aos potenciais visitantes do site. Pode dizer algo assim:   <\/p>\n\n<blockquote class=\"wp-block-quote is-layout-flow wp-block-quote-is-layout-flow\"><p>Al\u00f4, al\u00f4! Eu sou um mensageiro de bicicleta de dia, aspirante a ator \u00e0 noite, e este \u00e9 o meu site. Eu moro em Los Angeles, tenho um grande c\u00e3o chamado Jack, e eu gosto de pi\u00f1a coladas. (E ficar preso na chuva.)   <\/p><\/blockquote>\n\n<p>&#8230; ou algo assim:<\/p>\n\n<blockquote class=\"wp-block-quote is-layout-flow wp-block-quote-is-layout-flow\"><p>A empresa XYZ Doohickey foi fundada em 1971 e, desde ent\u00e3o, fornece doohickeys de qualidade ao p\u00fablico. Localizado em Gotham City, o XYZ emprega mais de 2.000 pessoas e faz todos os tipos de coisas incr\u00edveis para a comunidade de Gotham. <\/p><\/blockquote>\n\n<p>Como um novo usu\u00e1rio do WordPress, voc\u00ea deve ir ao <a href=\"http:\/\/srv702524.hstgr.cloud\/wp-admin\/\" rel=\"nofollow noopener\" target=\"_blank\">seu painel<\/a> para excluir esta p\u00e1gina e criar novas p\u00e1ginas para o seu conte\u00fado. Divertir-se! <\/p>\n","protected":false},"excerpt":{"rendered":"<p>Esta \u00e9 uma p\u00e1gina de exemplo. \u00c9 diferente de uma postagem de blog porque ela ficar\u00e1 em um s\u00f3 lugar e aparecer\u00e1 na navega\u00e7\u00e3o do seu site (na maioria dos temas). A maioria das pessoas come\u00e7a com uma p\u00e1gina Sobre que as apresenta aos potenciais visitantes do site. Pode dizer algo assim: Al\u00f4, al\u00f4! Eu sou um mensageiro de bicicleta de dia, aspirante a ator \u00e0 noite, e este \u00e9 o meu site. Eu moro em Los Angeles, tenho um grande c\u00e3o chamado Jack, e eu gosto de pi\u00f1a coladas. (E ficar preso na chuva.) &#8230; ou algo assim: A empresa XYZ Doohickey foi fundada em 1971 e, desde ent\u00e3o, fornece doohickeys de qualidade ao p\u00fablico. Localizado em Gotham City, o XYZ emprega mais de 2.000 pessoas e faz todos os tipos de coisas incr\u00edveis para a comunidade de Gotham. Como um novo usu\u00e1rio do WordPress, voc\u00ea deve ir ao seu painel para excluir esta p\u00e1gina e criar novas p\u00e1ginas para o seu conte\u00fado. Divertir-se!<\/p>\n","protected":false},"author":1,"featured_media":0,"parent":0,"menu_order":0,"comment_status":"closed","ping_status":"open","template":"","meta":{"_acf_changed":false,"_eb_attr":"","site-sidebar-layout":"default","site-content-layout":"","ast-site-content-layout":"","site-content-style":"default","site-sidebar-style":"default","ast-global-header-display":"","ast-banner-title-visibility":"","ast-main-header-display":"","ast-hfb-above-header-display":"","ast-hfb-below-header-display":"","ast-hfb-mobile-header-display":"","site-post-title":"","ast-breadcrumbs-content":"","ast-featured-img":"","footer-sml-layout":"","theme-transparent-header-meta":"","adv-header-id-meta":"","stick-header-meta":"","header-above-stick-meta":"","header-main-stick-meta":"","header-below-stick-meta":"","astra-migrate-meta-layouts":"default","ast-page-background-enabled":"default","ast-page-background-meta":{"desktop":{"background-color":"var(--ast-global-color-5)","background-image":"","background-repeat":"repeat","background-position":"center center","background-size":"auto","background-attachment":"scroll","background-type":"","background-media":"","overlay-type":"","overlay-color":"","overlay-opacity":"","overlay-gradient":""},"tablet":{"background-color":"","background-image":"","background-repeat":"repeat","background-position":"center center","background-size":"auto","background-attachment":"scroll","background-type":"","background-media":"","overlay-type":"","overlay-color":"","overlay-opacity":"","overlay-gradient":""},"mobile":{"background-color":"","background-image":"","background-repeat":"repeat","background-position":"center center","background-size":"auto","background-attachment":"scroll","background-type":"","background-media":"","overlay-type":"","overlay-color":"","overlay-opacity":"","overlay-gradient":""}},"ast-content-background-meta":{"desktop":{"background-color":"var(--ast-global-color-4)","background-image":"","background-repeat":"repeat","background-position":"center center","background-size":"auto","background-attachment":"scroll","background-type":"","background-media":"","overlay-type":"","overlay-color":"","overlay-opacity":"","overlay-gradient":""},"tablet":{"background-color":"var(--ast-global-color-4)","background-image":"","background-repeat":"repeat","background-position":"center center","background-size":"auto","background-attachment":"scroll","background-type":"","background-media":"","overlay-type":"","overlay-color":"","overlay-opacity":"","overlay-gradient":""},"mobile":{"background-color":"var(--ast-global-color-4)","background-image":"","background-repeat":"repeat","background-position":"center center","background-size":"auto","background-attachment":"scroll","background-type":"","background-media":"","overlay-type":"","overlay-color":"","overlay-opacity":"","overlay-gradient":""}},"_joinchat":[],"footnotes":""},"class_list":["post-5418","page","type-page","status-publish","hentry"],"acf":[],"_links":{"self":[{"href":"https:\/\/maionais.com\/pt-pt\/wp-json\/wp\/v2\/pages\/5418","targetHints":{"allow":["GET"]}}],"collection":[{"href":"https:\/\/maionais.com\/pt-pt\/wp-json\/wp\/v2\/pages"}],"about":[{"href":"https:\/\/maionais.com\/pt-pt\/wp-json\/wp\/v2\/types\/page"}],"author":[{"embeddable":true,"href":"https:\/\/maionais.com\/pt-pt\/wp-json\/wp\/v2\/users\/1"}],"replies":[{"embeddable":true,"href":"https:\/\/maionais.com\/pt-pt\/wp-json\/wp\/v2\/comments?post=5418"}],"version-history":[{"count":1,"href":"https:\/\/maionais.com\/pt-pt\/wp-json\/wp\/v2\/pages\/5418\/revisions"}],"predecessor-version":[{"id":5419,"href":"https:\/\/maionais.com\/pt-pt\/wp-json\/wp\/v2\/pages\/5418\/revisions\/5419"}],"wp:attachment":[{"href":"https:\/\/maionais.com\/pt-pt\/wp-json\/wp\/v2\/media?parent=5418"}],"curies":[{"name":"wp","href":"https:\/\/api.w.org\/{rel}","templated":true}]}}