{"id":5163,"date":"2025-05-09T04:18:45","date_gmt":"2025-05-09T04:18:45","guid":{"rendered":"https:\/\/maionais.com\/sem%20categoria\/hash-cbd-torta-de-mamao\/"},"modified":"2025-10-31T11:00:36","modified_gmt":"2025-10-31T11:00:36","slug":"hash-cbd-papaya-pie","status":"publish","type":"product","link":"https:\/\/maionais.com\/pt-pt\/cbd-haxixe\/hash-cbd-papaya-pie\/","title":{"rendered":"Hash CBD papaya pie"},"content":{"rendered":"<p><strong>Vis\u00e3o geral:<\/strong><\/p>\n<p>Desde o primeiro contacto, a nossa Hash Papaya Pie CBD surpreende com uma fragr\u00e2ncia tropical que envolve o ambiente em notas doces, c\u00edtricas e frutadas.<\/p>\n<p><strong>Perfil canabin\u00f3ide:<\/strong> CBD: &lt; 23% \u2013 THC: &lt; 0,2%<\/p>\n<p><strong>Apar\u00eancia e textura:<\/strong><\/p>\n<p>Voc\u00ea encontrar\u00e1 uma resina loira clara, ligeiramente arenosa ao toque, mas com uma textura cremosa quando pressionada. A consist\u00eancia \u00e9 male\u00e1vel e uniforme, com uma apar\u00eancia que lembra o p\u00f3len tradicional marroquino. Ao desmoron\u00e1-lo, voc\u00ea notar\u00e1 como ele libera uma fragr\u00e2ncia intensa e agrad\u00e1vel, antecipando a riqueza de seu interior.<\/p>\n<p><strong>Aroma:<\/strong><\/p>\n<p>Desde o primeiro contato, a Hash Papaya Pie CBD exibe um aroma frutado que se destaca por suas notas c\u00edtricas e tropicais. Voc\u00ea perceber\u00e1 um perfil doce e refrescante, no qual nuances de mam\u00e3o, frutas maduras e um fundo sutilmente picante est\u00e3o entrela\u00e7ados. Esta combina\u00e7\u00e3o gera uma fragr\u00e2ncia complexa, perfeita para quem gosta de perfis arom\u00e1ticos ex\u00f3ticos, mas equilibrados.<\/p>\n<p><strong>M\u00e9todo de extra\u00e7\u00e3o:<\/strong><\/p>\n<p>Esta<strong><a href=\"https:\/\/maionais.com\/pt-pt\/cbd-haxixe\/\"> resina cbd<\/a><\/strong> \u00e9 obtida por peneira\u00e7\u00e3o seca, usando malhas de precis\u00e3o de 90 m\u00edcrons para isolar os tricomas mais ricos e puros das flores de CBD. A resina \u00e9 ent\u00e3o compactada sob press\u00e3o e calor em um formato s\u00f3lido, sem solventes ou aditivos. Esta t\u00e9cnica artesanal permite preservar intactos os terpenos naturais e manter uma textura cremosa.<\/p>\n<p><strong>Nota legal:<\/strong> Use para coletar. &lt;THC 0,2% de acordo com o Real Decreto 1729\/1999.<\/p>\n","protected":false},"excerpt":{"rendered":"<p>Desde o primeiro contacto, a Hash Papaya Pie de <a href=\"https:\/\/maionais.com\/pt-pt\/\">maionais CBD <\/a>surpreende com uma fragr\u00e2ncia tropical que envolve o ambiente em notas doces, c\u00edtricas e frutadas.<\/p>\n","protected":false},"featured_media":3000,"comment_status":"open","ping_status":"closed","template":"","meta":{"_acf_changed":false,"_eb_attr":"","site-sidebar-layout":"default","site-content-layout":"","ast-site-content-layout":"default","site-content-style":"default","site-sidebar-style":"default","ast-global-header-display":"","ast-banner-title-visibility":"","ast-main-header-display":"","ast-hfb-above-header-display":"","ast-hfb-below-header-display":"","ast-hfb-mobile-header-display":"","site-post-title":"","ast-breadcrumbs-content":"","ast-featured-img":"","footer-sml-layout":"","theme-transparent-header-meta":"default","adv-header-id-meta":"","stick-header-meta":"","header-above-stick-meta":"","header-main-stick-meta":"","header-below-stick-meta":"","astra-migrate-meta-layouts":"set","ast-page-background-enabled":"default","ast-page-background-meta":{"desktop":{"background-color":"var(--ast-global-color-5)","background-image":"","background-repeat":"repeat","background-position":"center center","background-size":"auto","background-attachment":"scroll","background-type":"","background-media":"","overlay-type":"","overlay-color":"","overlay-opacity":"","overlay-gradient":""},"tablet":{"background-color":"","background-image":"","background-repeat":"repeat","background-position":"center center","background-size":"auto","background-attachment":"scroll","background-type":"","background-media":"","overlay-type":"","overlay-color":"","overlay-opacity":"","overlay-gradient":""},"mobile":{"background-color":"","background-image":"","background-repeat":"repeat","background-position":"center center","background-size":"auto","background-attachment":"scroll","background-type":"","background-media":"","overlay-type":"","overlay-color":"","overlay-opacity":"","overlay-gradient":""}},"ast-content-background-meta":{"desktop":{"background-color":"var(--ast-global-color-4)","background-image":"","background-repeat":"repeat","background-position":"center center","background-size":"auto","background-attachment":"scroll","background-type":"","background-media":"","overlay-type":"","overlay-color":"","overlay-opacity":"","overlay-gradient":""},"tablet":{"background-color":"var(--ast-global-color-4)","background-image":"","background-repeat":"repeat","background-position":"center center","background-size":"auto","background-attachment":"scroll","background-type":"","background-media":"","overlay-type":"","overlay-color":"","overlay-opacity":"","overlay-gradient":""},"mobile":{"background-color":"var(--ast-global-color-4)","background-image":"","background-repeat":"repeat","background-position":"center center","background-size":"auto","background-attachment":"scroll","background-type":"","background-media":"","overlay-type":"","overlay-color":"","overlay-opacity":"","overlay-gradient":""}},"_joinchat":[]},"product_brand":[],"product_cat":[150],"product_tag":[],"class_list":{"0":"post-5163","1":"product","2":"type-product","3":"status-publish","4":"has-post-thumbnail","6":"product_cat-cbd-haxixe","7":"desktop-align-left","8":"tablet-align-left","9":"mobile-align-left","11":"first","12":"instock","13":"taxable","14":"shipping-taxable","15":"purchasable","16":"product-type-variable","17":"has-default-attributes","18":"wvs-archive-product-wrapper"},"acf":[],"_links":{"self":[{"href":"https:\/\/maionais.com\/pt-pt\/wp-json\/wp\/v2\/product\/5163","targetHints":{"allow":["GET"]}}],"collection":[{"href":"https:\/\/maionais.com\/pt-pt\/wp-json\/wp\/v2\/product"}],"about":[{"href":"https:\/\/maionais.com\/pt-pt\/wp-json\/wp\/v2\/types\/product"}],"replies":[{"embeddable":true,"href":"https:\/\/maionais.com\/pt-pt\/wp-json\/wp\/v2\/comments?post=5163"}],"wp:featuredmedia":[{"embeddable":true,"href":"https:\/\/maionais.com\/pt-pt\/wp-json\/wp\/v2\/media\/3000"}],"wp:attachment":[{"href":"https:\/\/maionais.com\/pt-pt\/wp-json\/wp\/v2\/media?parent=5163"}],"wp:term":[{"taxonomy":"product_brand","embeddable":true,"href":"https:\/\/maionais.com\/pt-pt\/wp-json\/wp\/v2\/product_brand?post=5163"},{"taxonomy":"product_cat","embeddable":true,"href":"https:\/\/maionais.com\/pt-pt\/wp-json\/wp\/v2\/product_cat?post=5163"},{"taxonomy":"product_tag","embeddable":true,"href":"https:\/\/maionais.com\/pt-pt\/wp-json\/wp\/v2\/product_tag?post=5163"}],"curies":[{"name":"wp","href":"https:\/\/api.w.org\/{rel}","templated":true}]}}