{"id":5187,"date":"2025-05-09T03:43:29","date_gmt":"2025-05-09T03:43:29","guid":{"rendered":"https:\/\/maionais.com\/sem%20categoria\/gelato-cbd-botoes\/"},"modified":"2025-09-25T16:01:31","modified_gmt":"2025-09-25T16:01:31","slug":"gelato-cbd-botoes","status":"publish","type":"product","link":"https:\/\/maionais.com\/pt-pt\/cbd-buds\/gelato-cbd-botoes\/","title":{"rendered":"Gelato CBD Bot\u00f5es"},"content":{"rendered":"<p><strong>Vis\u00e3o geral:<\/strong><\/p>\n<p>Se este Gelato CBD lembra um sorvete italiano cremoso e rec\u00e9m-servido, n\u00e3o \u00e9 coincid\u00eancia. Desde o primeiro momento ir\u00e1 notar um aroma doce e suave, com notas de biscoito e um toque c\u00edtrico que lembra a laranja cristalizada. Cultivada em estufa para preservar toda a sua express\u00e3o arom\u00e1tica, esta variedade destaca-se pelo seu equil\u00edbrio entre frutado, cremoso e um subtil fundo terroso que completa a experi\u00eancia.<\/p>\n<p><strong>Perfil canabin\u00f3ide:<\/strong> CDB: 11,7%, CBG: 0,6%. THC: 0,2%.<\/p>\n<p><strong>Aspeto:<\/strong><\/p>\n<p>Voc\u00ea encontrar\u00e1 bot\u00f5es grandes, compactos, cheios de resina, de uma cor verde intensa cobertos por tricomas que brilham na luz. A estrutura \u00e9 firme e volumosa, com uma apar\u00eancia limpa que reflete a gen\u00e9tica do gelato na sua forma mais reconhec\u00edvel. Cada flor mostra a aten\u00e7\u00e3o aos detalhes que recebe durante o seu desenvolvimento.<\/p>\n<p><strong>Aroma:<\/strong><\/p>\n<p>O Gelato CBD liberta um aroma envolvente desde o primeiro momento, com notas doces e cremosas em primeiro plano. Voc\u00ea notar\u00e1 nuances suaves de biscoito, um fundo terroso delicado e um toque c\u00edtrico fresco que lembra a laranja doce. O equil\u00edbrio entre frutado e denso cria uma fragr\u00e2ncia quente, persistente e facilmente identific\u00e1vel, sem ser pesada.<\/p>\n<p><strong>M\u00e9todo de cultivo:<\/strong><\/p>\n<p>O Gelato CBD \u00e9 cultivado em uma estufa, aproveitando a luz solar direta em um ambiente parcialmente controlado. Este m\u00e9todo permite um desenvolvimento floral est\u00e1vel e uma melhor preserva\u00e7\u00e3o do perfil terp\u00e9nico, especialmente os mais vol\u00e1teis como o limoneno. A combina\u00e7\u00e3o de energia natural e gest\u00e3o t\u00e9cnica resulta em bot\u00f5es densos, ricos em aroma e com uma express\u00e3o arom\u00e1tica constante que reflete fielmente o car\u00e1ter doce e cremoso desta gen\u00e9tica.<\/p>\n<p><strong>Perfil Terpeno:<\/strong><\/p>\n<p>Gelato CBD apresenta um perfil dominado por mirceno e limoneno.<br \/>\nO mirceno refor\u00e7a as notas doces e cremosas que lembram biscoitos ou doces macios, enquanto o limoneno introduz uma nuance c\u00edtrica brilhante que ilumina o todo e adiciona um toque de frescor. Esta combina\u00e7\u00e3o resulta numa fragr\u00e2ncia equilibrada e quente com um car\u00e1cter frutado, t\u00edpica da fam\u00edlia Gelato.<\/p>\n<p><strong>Nota legal:<\/strong> Use para coletar. &lt;THC 0,2% de acordo com o Real Decreto 1729\/1999.<\/p>\n","protected":false},"excerpt":{"rendered":"<p>Se os<a href=\"https:\/\/maionais.com\/pt-pt\/cbd-buds\/\"> bot\u00f5es CBD<\/a> Gelato lembram um sorvete italiano cremoso e rec\u00e9m-servido, n\u00e3o \u00e9 coincid\u00eancia. Desde o primeiro momento ir\u00e1 notar um aroma doce e suave, com notas de biscoito e um toque c\u00edtrico que lembra a laranja cristalizada. Cultivada em estufa para preservar toda a sua express\u00e3o arom\u00e1tica, esta variedade destaca-se pelo seu equil\u00edbrio entre frutado, cremoso e um subtil fundo terroso que completa a experi\u00eancia em <a href=\"https:\/\/maionais.com\/pt-pt\/\">Maionais<\/a>.<\/p>\n","protected":false},"featured_media":3198,"comment_status":"open","ping_status":"closed","template":"","meta":{"_acf_changed":false,"_eb_attr":"","site-sidebar-layout":"default","site-content-layout":"","ast-site-content-layout":"default","site-content-style":"default","site-sidebar-style":"default","ast-global-header-display":"","ast-banner-title-visibility":"","ast-main-header-display":"","ast-hfb-above-header-display":"","ast-hfb-below-header-display":"","ast-hfb-mobile-header-display":"","site-post-title":"","ast-breadcrumbs-content":"","ast-featured-img":"","footer-sml-layout":"","theme-transparent-header-meta":"default","adv-header-id-meta":"","stick-header-meta":"","header-above-stick-meta":"","header-main-stick-meta":"","header-below-stick-meta":"","astra-migrate-meta-layouts":"set","ast-page-background-enabled":"default","ast-page-background-meta":{"desktop":{"background-color":"var(--ast-global-color-5)","background-image":"","background-repeat":"repeat","background-position":"center center","background-size":"auto","background-attachment":"scroll","background-type":"","background-media":"","overlay-type":"","overlay-color":"","overlay-opacity":"","overlay-gradient":""},"tablet":{"background-color":"","background-image":"","background-repeat":"repeat","background-position":"center center","background-size":"auto","background-attachment":"scroll","background-type":"","background-media":"","overlay-type":"","overlay-color":"","overlay-opacity":"","overlay-gradient":""},"mobile":{"background-color":"","background-image":"","background-repeat":"repeat","background-position":"center center","background-size":"auto","background-attachment":"scroll","background-type":"","background-media":"","overlay-type":"","overlay-color":"","overlay-opacity":"","overlay-gradient":""}},"ast-content-background-meta":{"desktop":{"background-color":"var(--ast-global-color-4)","background-image":"","background-repeat":"repeat","background-position":"center center","background-size":"auto","background-attachment":"scroll","background-type":"","background-media":"","overlay-type":"","overlay-color":"","overlay-opacity":"","overlay-gradient":""},"tablet":{"background-color":"var(--ast-global-color-4)","background-image":"","background-repeat":"repeat","background-position":"center center","background-size":"auto","background-attachment":"scroll","background-type":"","background-media":"","overlay-type":"","overlay-color":"","overlay-opacity":"","overlay-gradient":""},"mobile":{"background-color":"var(--ast-global-color-4)","background-image":"","background-repeat":"repeat","background-position":"center center","background-size":"auto","background-attachment":"scroll","background-type":"","background-media":"","overlay-type":"","overlay-color":"","overlay-opacity":"","overlay-gradient":""}},"_joinchat":[]},"product_brand":[],"product_cat":[152,142,153],"product_tag":[],"class_list":{"0":"post-5187","1":"product","2":"type-product","3":"status-publish","4":"has-post-thumbnail","6":"product_cat-cbd-buds","7":"product_cat-greenhouse-pt-pt","8":"product_cat-mini-buds","9":"desktop-align-left","10":"tablet-align-left","11":"mobile-align-left","13":"first","14":"instock","15":"taxable","16":"shipping-taxable","17":"purchasable","18":"product-type-variable","19":"has-default-attributes","20":"wvs-archive-product-wrapper"},"acf":[],"_links":{"self":[{"href":"https:\/\/maionais.com\/pt-pt\/wp-json\/wp\/v2\/product\/5187","targetHints":{"allow":["GET"]}}],"collection":[{"href":"https:\/\/maionais.com\/pt-pt\/wp-json\/wp\/v2\/product"}],"about":[{"href":"https:\/\/maionais.com\/pt-pt\/wp-json\/wp\/v2\/types\/product"}],"replies":[{"embeddable":true,"href":"https:\/\/maionais.com\/pt-pt\/wp-json\/wp\/v2\/comments?post=5187"}],"wp:featuredmedia":[{"embeddable":true,"href":"https:\/\/maionais.com\/pt-pt\/wp-json\/wp\/v2\/media\/3198"}],"wp:attachment":[{"href":"https:\/\/maionais.com\/pt-pt\/wp-json\/wp\/v2\/media?parent=5187"}],"wp:term":[{"taxonomy":"product_brand","embeddable":true,"href":"https:\/\/maionais.com\/pt-pt\/wp-json\/wp\/v2\/product_brand?post=5187"},{"taxonomy":"product_cat","embeddable":true,"href":"https:\/\/maionais.com\/pt-pt\/wp-json\/wp\/v2\/product_cat?post=5187"},{"taxonomy":"product_tag","embeddable":true,"href":"https:\/\/maionais.com\/pt-pt\/wp-json\/wp\/v2\/product_tag?post=5187"}],"curies":[{"name":"wp","href":"https:\/\/api.w.org\/{rel}","templated":true}]}}