{"id":5201,"date":"2025-04-28T10:31:22","date_gmt":"2025-04-28T10:31:22","guid":{"rendered":"https:\/\/maionais.com\/sem%20categoria\/mini-buds-cbd-queijo-de-mel\/"},"modified":"2025-10-31T10:57:37","modified_gmt":"2025-10-31T10:57:37","slug":"mini-buds-cbd-honey-cheese","status":"publish","type":"product","link":"https:\/\/maionais.com\/pt-pt\/mini-buds-cbd\/mini-buds-cbd-honey-cheese\/","title":{"rendered":"Mini Buds CBD Honey Cheese"},"content":{"rendered":"<p><b>Vis\u00e3o geral:<\/b><b><br \/>\n<\/b><span style=\"font-weight: 400;\">Cheese <strong><a href=\"https:\/\/maionais.com\/pt-pt\/mini-buds-cbd\/\">Small Buds CBD<\/a><\/strong>recupera a alma intensa da gen\u00e9tica do queijo, concentrando o seu inconfund\u00edvel perfil arom\u00e1tico em bot\u00f5es pequenos e manej\u00e1veis. Voc\u00ea encontrar\u00e1 uma variedade com um cheiro penetrante e complexo, onde o fundo de skunk e o aroma de queijo curado s\u00e3o combinados com um leve toque c\u00edtrico. Ideal para quem procura sensa\u00e7\u00f5es poderosas e profundas que sejam fi\u00e9is ao esp\u00edrito cl\u00e1ssico das melhores estirpes brit\u00e2nicas. <\/span><\/p>\n<p><b>Perfil canabin\u00f3ide: <\/b><span style=\"font-weight: 400;\">CBD: &lt; 10% THC: &lt; 0.2%<\/span><\/p>\n<p><b>Aspeto:<\/b><\/p>\n<p><span style=\"font-weight: 400;\">Cheese Small Buds CBD apresenta flores pequenas, compactas e densas com um verde escuro caracter\u00edstico. Voc\u00ea notar\u00e1 bot\u00f5es alongados e pegajosos, cobertos por uma resina abundante que lhes d\u00e1 um brilho natural. O formato Small Buds concentra toda a estrutura visual e textura pegajosa da gen\u00e9tica original em um tamanho pr\u00e1tico, sem perder volume ou intensidade. <\/span><\/p>\n<p><b>Aroma: <\/b><b><br \/>\n<\/b><span style=\"font-weight: 400;\">Desde o primeiro momento, Cheese Small Buds CBD exibe um aroma denso e terroso que marca seu car\u00e1ter. Voc\u00ea vai perceber um fundo de skunk profundo, misturado com notas de &#8220;queijo&#8221; que dominam o perfil. \u00c0 medida que o aroma se instala, surge uma nuance picante e picante, refor\u00e7ada por um sabor c\u00edtrico muito subtil que completa a experi\u00eancia olfativa sem esconder a sua intensa ess\u00eancia. <\/span><\/p>\n<p><b>M\u00e9todo de cultivo: <\/b><\/p>\n<p><span style=\"font-weight: 400;\">O Cheese Small Buds CBD \u00e9 desenvolvido ao ar livre, num ambiente onde o contacto direto com o clima e a exposi\u00e7\u00e3o natural permitem que os seus bot\u00f5es adquiram maior robustez e riqueza de terpenos. O vento, a humidade controlada e o ciclo solar real\u00e7am o aspeto daqueles aromas densos e complexos, t\u00e3o caracter\u00edsticos da sua linhagem. Cada flor reflete aquela evolu\u00e7\u00e3o lenta e paciente que s\u00f3 o ar livre pode oferecer, refor\u00e7ando a autenticidade do seu perfil arom\u00e1tico nesta casta <a href=\"https:\/\/maionais.com\/pt-pt\/\">Maionais<\/a>. <\/span><\/p>\n<p><b>Perfil Terpeno:<\/b><b><br \/>\n<\/b><span style=\"font-weight: 400;\">O perfil do Cheese Small Buds CBD \u00e9 dominado pelo mirceno e cariofileno.<\/span><\/p>\n<p><span style=\"font-weight: 400;\">O mirceno suporta a base terrosa, doce e herbal, respons\u00e1vel pela densidade e humidade arom\u00e1tica t\u00edpicas do seu fundo gamb\u00e1. O cariofileno refor\u00e7a as notas picantes e picantes, proporcionando nuances amadeiradas que completam o todo e adicionam corpo sem esconder sua intensidade prim\u00e1ria. <\/span><\/p>\n<p><b>Nota legal: <\/b><span style=\"font-weight: 400;\">Use para coletar. &lt;THC 0,2% de acordo com o Real Decreto 1729\/1999. <\/span><\/p>\n<p>&nbsp;<\/p>\n","protected":false},"excerpt":{"rendered":"<p><span style=\"font-weight: 400;\">Honey Cheese <strong><a href=\"https:\/\/maionais.com\/pt-pt\/mini-buds-cbd\/\">Mini Buds CBD<\/a><\/strong> recupera a alma intensa da gen\u00e9tica do queijo, concentrando o seu inconfund\u00edvel perfil arom\u00e1tico em bot\u00f5es pequenos e manej\u00e1veis.<\/span><\/p>\n","protected":false},"featured_media":3138,"comment_status":"open","ping_status":"closed","template":"","meta":{"_acf_changed":false,"_eb_attr":"","site-sidebar-layout":"default","site-content-layout":"","ast-site-content-layout":"default","site-content-style":"default","site-sidebar-style":"default","ast-global-header-display":"","ast-banner-title-visibility":"","ast-main-header-display":"","ast-hfb-above-header-display":"","ast-hfb-below-header-display":"","ast-hfb-mobile-header-display":"","site-post-title":"","ast-breadcrumbs-content":"","ast-featured-img":"","footer-sml-layout":"","theme-transparent-header-meta":"default","adv-header-id-meta":"","stick-header-meta":"","header-above-stick-meta":"","header-main-stick-meta":"","header-below-stick-meta":"","astra-migrate-meta-layouts":"set","ast-page-background-enabled":"default","ast-page-background-meta":{"desktop":{"background-color":"var(--ast-global-color-5)","background-image":"","background-repeat":"repeat","background-position":"center center","background-size":"auto","background-attachment":"scroll","background-type":"","background-media":"","overlay-type":"","overlay-color":"","overlay-opacity":"","overlay-gradient":""},"tablet":{"background-color":"","background-image":"","background-repeat":"repeat","background-position":"center center","background-size":"auto","background-attachment":"scroll","background-type":"","background-media":"","overlay-type":"","overlay-color":"","overlay-opacity":"","overlay-gradient":""},"mobile":{"background-color":"","background-image":"","background-repeat":"repeat","background-position":"center center","background-size":"auto","background-attachment":"scroll","background-type":"","background-media":"","overlay-type":"","overlay-color":"","overlay-opacity":"","overlay-gradient":""}},"ast-content-background-meta":{"desktop":{"background-color":"var(--ast-global-color-4)","background-image":"","background-repeat":"repeat","background-position":"center center","background-size":"auto","background-attachment":"scroll","background-type":"","background-media":"","overlay-type":"","overlay-color":"","overlay-opacity":"","overlay-gradient":""},"tablet":{"background-color":"var(--ast-global-color-4)","background-image":"","background-repeat":"repeat","background-position":"center center","background-size":"auto","background-attachment":"scroll","background-type":"","background-media":"","overlay-type":"","overlay-color":"","overlay-opacity":"","overlay-gradient":""},"mobile":{"background-color":"var(--ast-global-color-4)","background-image":"","background-repeat":"repeat","background-position":"center center","background-size":"auto","background-attachment":"scroll","background-type":"","background-media":"","overlay-type":"","overlay-color":"","overlay-opacity":"","overlay-gradient":""}},"_joinchat":[]},"product_brand":[],"product_cat":[153],"product_tag":[],"class_list":{"0":"post-5201","1":"product","2":"type-product","3":"status-publish","4":"has-post-thumbnail","6":"product_cat-mini-buds-cbd","7":"desktop-align-left","8":"tablet-align-left","9":"mobile-align-left","11":"first","12":"outofstock","13":"taxable","14":"shipping-taxable","15":"purchasable","16":"product-type-variable","17":"has-default-attributes","18":"wvs-archive-product-wrapper"},"acf":[],"_links":{"self":[{"href":"https:\/\/maionais.com\/pt-pt\/wp-json\/wp\/v2\/product\/5201","targetHints":{"allow":["GET"]}}],"collection":[{"href":"https:\/\/maionais.com\/pt-pt\/wp-json\/wp\/v2\/product"}],"about":[{"href":"https:\/\/maionais.com\/pt-pt\/wp-json\/wp\/v2\/types\/product"}],"replies":[{"embeddable":true,"href":"https:\/\/maionais.com\/pt-pt\/wp-json\/wp\/v2\/comments?post=5201"}],"wp:featuredmedia":[{"embeddable":true,"href":"https:\/\/maionais.com\/pt-pt\/wp-json\/wp\/v2\/media\/3138"}],"wp:attachment":[{"href":"https:\/\/maionais.com\/pt-pt\/wp-json\/wp\/v2\/media?parent=5201"}],"wp:term":[{"taxonomy":"product_brand","embeddable":true,"href":"https:\/\/maionais.com\/pt-pt\/wp-json\/wp\/v2\/product_brand?post=5201"},{"taxonomy":"product_cat","embeddable":true,"href":"https:\/\/maionais.com\/pt-pt\/wp-json\/wp\/v2\/product_cat?post=5201"},{"taxonomy":"product_tag","embeddable":true,"href":"https:\/\/maionais.com\/pt-pt\/wp-json\/wp\/v2\/product_tag?post=5201"}],"curies":[{"name":"wp","href":"https:\/\/api.w.org\/{rel}","templated":true}]}}