{"id":5223,"date":"2025-04-28T10:08:51","date_gmt":"2025-04-28T10:08:51","guid":{"rendered":"https:\/\/maionais.com\/sem%20categoria\/mini-buds-cbd-cereja-tonico\/"},"modified":"2025-11-06T13:33:54","modified_gmt":"2025-11-06T13:33:54","slug":"mini-buds-cbd-cherry-tonic","status":"publish","type":"product","link":"https:\/\/maionais.com\/pt-pt\/mini-buds-cbd\/mini-buds-cbd-cherry-tonic\/","title":{"rendered":"Mini Buds CBD Cherry Tonic"},"content":{"rendered":"<p><b>Vis\u00e3o geral:<\/b><\/p>\n<p><a href=\"https:\/\/maionais.com\/pt-pt\/mini-buds-cbd\/\">Mini Buds<\/a> CBD Cherry Tonic s\u00e3o pequenas flores de c\u00e2nhamo que combinam a intensidade arom\u00e1tica da cereja com tons c\u00edtricos e doces. Apesar do seu pequeno tamanho, estas flores <a href=\"https:\/\/maionais.com\/pt-pt\/\">Maionais CBD<\/a> oferecem uma experi\u00eancia sensorial rica e complexa, sendo uma op\u00e7\u00e3o econ\u00f3mica sem comprometer a qualidade. Cultivadas em condi\u00e7\u00f5es controladas, s\u00e3o ideais para quem procura uma flor de c\u00e2nhamo com um perfil de fruta distinto.<\/p>\n<p><b>Perfil canabin\u00f3ide:<\/b><\/p>\n<p><span style=\"font-weight: 400;\">CDB: 11,7%, CBG: 0,6%. THC: 0,2%. <\/span><\/p>\n<p><b>Aspeto:<\/b><\/p>\n<p>Estas flores t\u00eam uma cor verde clara e uma estrutura compacta. A sua textura \u00e9 densa e resinosa, o que facilita o manuseamento e a prepara\u00e7\u00e3o para diferentes m\u00e9todos de consumo. Apesar do seu tamanho, mant\u00eam as caracter\u00edsticas visuais e t\u00e1teis das flores maiores.<\/p>\n<p><b>Aroma: <\/b><\/p>\n<p>O perfil arom\u00e1tico do Mini Buds CBD Cherry Tonic caracteriza-se por notas doces e frutadas, evocando cereja madura, complementada por nuances c\u00edtricas e ligeiramente picantes. Esta combina\u00e7\u00e3o oferece uma experi\u00eancia sensorial equilibrada e agrad\u00e1vel.<\/p>\n<p><b>M\u00e9todo de cultivo:<\/b><\/p>\n<p>Estas flores s\u00e3o cultivadas dentro de casa, o que permite um controlo \u00f3timo das condi\u00e7\u00f5es ambientais e garante uma produ\u00e7\u00e3o sustent\u00e1vel. Este m\u00e9todo de cultivo combina os benef\u00edcios da luz natural com a prote\u00e7\u00e3o contra fatores externos, garantindo flores consistentes e de alta qualidade em todas as colheitas.<\/p>\n<p><b>Perfil Terpeno:<\/b><\/p>\n<p>O perfil terpeno do Mini Buds CBD Cherry Tonic \u00e9 dominado por compostos que fornecem notas doces e frutadas. Embora a composi\u00e7\u00e3o exata possa variar dependendo do lote, os terpenos respons\u00e1veis pelos aromas caracter\u00edsticos de cereja e c\u00edtricos se destacam, proporcionando uma experi\u00eancia olfativa intensa e refrescante.<\/p>\n<p><b>Nota legal: <\/b><span style=\"font-weight: 400;\">Use para coletar. &lt;THC 0,2% de acordo com o Real Decreto 1729\/1999. <\/span><\/p>\n","protected":false},"excerpt":{"rendered":"<p><a href=\"https:\/\/maionais.com\/pt-pt\/mini-buds-cbd\/\">Mini Buds<\/a> Cherry Tonic tem um aroma doce de cereja. Perfeito para quem procura qualidade e aroma num formato mais econ\u00f3mico.<\/p>\n","protected":false},"featured_media":3132,"comment_status":"open","ping_status":"closed","template":"","meta":{"_acf_changed":false,"_eb_attr":"","site-sidebar-layout":"default","site-content-layout":"","ast-site-content-layout":"default","site-content-style":"default","site-sidebar-style":"default","ast-global-header-display":"","ast-banner-title-visibility":"","ast-main-header-display":"","ast-hfb-above-header-display":"","ast-hfb-below-header-display":"","ast-hfb-mobile-header-display":"","site-post-title":"","ast-breadcrumbs-content":"","ast-featured-img":"","footer-sml-layout":"","theme-transparent-header-meta":"default","adv-header-id-meta":"","stick-header-meta":"","header-above-stick-meta":"","header-main-stick-meta":"","header-below-stick-meta":"","astra-migrate-meta-layouts":"set","ast-page-background-enabled":"default","ast-page-background-meta":{"desktop":{"background-color":"var(--ast-global-color-5)","background-image":"","background-repeat":"repeat","background-position":"center center","background-size":"auto","background-attachment":"scroll","background-type":"","background-media":"","overlay-type":"","overlay-color":"","overlay-opacity":"","overlay-gradient":""},"tablet":{"background-color":"","background-image":"","background-repeat":"repeat","background-position":"center center","background-size":"auto","background-attachment":"scroll","background-type":"","background-media":"","overlay-type":"","overlay-color":"","overlay-opacity":"","overlay-gradient":""},"mobile":{"background-color":"","background-image":"","background-repeat":"repeat","background-position":"center center","background-size":"auto","background-attachment":"scroll","background-type":"","background-media":"","overlay-type":"","overlay-color":"","overlay-opacity":"","overlay-gradient":""}},"ast-content-background-meta":{"desktop":{"background-color":"var(--ast-global-color-4)","background-image":"","background-repeat":"repeat","background-position":"center center","background-size":"auto","background-attachment":"scroll","background-type":"","background-media":"","overlay-type":"","overlay-color":"","overlay-opacity":"","overlay-gradient":""},"tablet":{"background-color":"var(--ast-global-color-4)","background-image":"","background-repeat":"repeat","background-position":"center center","background-size":"auto","background-attachment":"scroll","background-type":"","background-media":"","overlay-type":"","overlay-color":"","overlay-opacity":"","overlay-gradient":""},"mobile":{"background-color":"var(--ast-global-color-4)","background-image":"","background-repeat":"repeat","background-position":"center center","background-size":"auto","background-attachment":"scroll","background-type":"","background-media":"","overlay-type":"","overlay-color":"","overlay-opacity":"","overlay-gradient":""}},"_joinchat":[]},"product_brand":[],"product_cat":[153],"product_tag":[],"class_list":{"0":"post-5223","1":"product","2":"type-product","3":"status-publish","4":"has-post-thumbnail","6":"product_cat-mini-buds-cbd","7":"desktop-align-left","8":"tablet-align-left","9":"mobile-align-left","11":"first","12":"outofstock","13":"taxable","14":"shipping-taxable","15":"purchasable","16":"product-type-variable","17":"has-default-attributes","18":"wvs-archive-product-wrapper"},"acf":[],"_links":{"self":[{"href":"https:\/\/maionais.com\/pt-pt\/wp-json\/wp\/v2\/product\/5223","targetHints":{"allow":["GET"]}}],"collection":[{"href":"https:\/\/maionais.com\/pt-pt\/wp-json\/wp\/v2\/product"}],"about":[{"href":"https:\/\/maionais.com\/pt-pt\/wp-json\/wp\/v2\/types\/product"}],"replies":[{"embeddable":true,"href":"https:\/\/maionais.com\/pt-pt\/wp-json\/wp\/v2\/comments?post=5223"}],"wp:featuredmedia":[{"embeddable":true,"href":"https:\/\/maionais.com\/pt-pt\/wp-json\/wp\/v2\/media\/3132"}],"wp:attachment":[{"href":"https:\/\/maionais.com\/pt-pt\/wp-json\/wp\/v2\/media?parent=5223"}],"wp:term":[{"taxonomy":"product_brand","embeddable":true,"href":"https:\/\/maionais.com\/pt-pt\/wp-json\/wp\/v2\/product_brand?post=5223"},{"taxonomy":"product_cat","embeddable":true,"href":"https:\/\/maionais.com\/pt-pt\/wp-json\/wp\/v2\/product_cat?post=5223"},{"taxonomy":"product_tag","embeddable":true,"href":"https:\/\/maionais.com\/pt-pt\/wp-json\/wp\/v2\/product_tag?post=5223"}],"curies":[{"name":"wp","href":"https:\/\/api.w.org\/{rel}","templated":true}]}}