{"id":5269,"date":"2025-05-19T20:35:44","date_gmt":"2025-05-19T20:35:44","guid":{"rendered":"https:\/\/maionais.com\/sem%20categoria\/oleo-cbd-20-largo-espectro-30ml\/"},"modified":"2025-09-25T20:55:46","modified_gmt":"2025-09-25T20:55:46","slug":"oleo-cbd-20-largo-espectro-30ml","status":"publish","type":"product","link":"https:\/\/maionais.com\/pt-pt\/oleo-cbd\/oleo-cbd-20-largo-espectro-30ml\/","title":{"rendered":"\u00d3leo CBD 20% Largo Espectro 30ml"},"content":{"rendered":"<p><b>Vis\u00e3o geral<\/b><\/p>\n<p>Um \u00f3leo de c\u00e2nhamo com 20% de CBD, concebido para quem procura um extra na sua rotina di\u00e1ria. A sua f\u00f3rmula mant\u00e9m todos os benef\u00edcios do c\u00e2nhamo, n\u00e3o incluindo o THC. Voc\u00ea vai desfrutar de sua textura leve e perfil natural, projetado para acompanh\u00e1-lo todos os dias. Perfeito para uso topicamente a qualquer momento. Um produto que combina concentra\u00e7\u00e3o e pureza.<\/p>\n<p><b>Conte\u00fado<\/b><\/p>\n<p>30 ml <a href=\"https:\/\/maionais.com\/pt-pt\/\">de Maionais<\/a> Broad Spectrum CBD Oil 20%<\/p>\n<p><b>Perfil canabin\u00f3ide<\/b><\/p>\n<p>CDB &lt; 20%<\/p>\n<p><b>Espectro<\/b><\/p>\n<p>Este \u00f3leo pertence \u00e0 gama Broad Spectrum. Ele ret\u00e9m outros canabin\u00f3ides naturais e terpenos da planta, mas foi filtrado para remover completamente o THC. Isso permite que voc\u00ea mantenha uma experi\u00eancia completa livre de psicoatividade. Cada aplica\u00e7\u00e3o traz-lhe os benef\u00edcios do c\u00e2nhamo e seu efeito entourage mesmo sem THC.<\/p>\n<p><b>Porqu\u00ea escolher este \u00f3leo?<\/b><\/p>\n<p>\u00c9 uma op\u00e7\u00e3o pensada para quem j\u00e1 est\u00e1 familiarizado com o CBD e procura uma maior concentra\u00e7\u00e3o. Pode ser aplicado topicamente em \u00e1reas localizadas ou como parte da sua rotina de autocuidado. Sua f\u00f3rmula \u00e9 livre de THC, por isso n\u00e3o produz efeitos psicoativos. Recomendado para quem valoriza produtos naturais e sem aditivos. Um \u00f3leo que proporciona equil\u00edbrio e bem-estar desde a primeira utiliza\u00e7\u00e3o.<\/p>\n<p><b>Armazenamento<\/b><\/p>\n<p>Guarde o seu \u00f3leo num local seco, longe da luz direta. Evite exp\u00f4-lo a altas temperaturas. Manter o frasco bem fechado ap\u00f3s cada utiliza\u00e7\u00e3o. Armazenar fora do alcance das crian\u00e7as.<\/p>\n<p><b>Nota legal: <\/b><\/p>\n<p>De acordo com os regulamentos europeus e espanh\u00f3is atuais, o \u00f3leo CBD \u00e9 para uso t\u00f3pico. &lt;Teor de THC 0,2% de acordo com o Real Decreto 1729\/1999.<\/p>\n<p>&nbsp;<\/p>\n","protected":false},"excerpt":{"rendered":"<p>Procura mais concentra\u00e7\u00e3o e menos THC? Nosso <strong><a href=\"https:\/\/maionais.com\/pt-pt\/oleo-cbd\/\">\u00f3leo CBD<\/a><\/strong> 20% Broad Spectrum lhe d\u00e1 o pr\u00f3ximo n\u00edvel. Feito de c\u00e2nhamo cultivado sem pesticidas ou produtos qu\u00edmicos. Ret\u00e9m canabin\u00f3ides e terpenos, sem vest\u00edgios de THC.<\/p>\n","protected":false},"featured_media":1400,"comment_status":"open","ping_status":"closed","template":"","meta":{"_acf_changed":false,"_eb_attr":"","site-sidebar-layout":"default","site-content-layout":"","ast-site-content-layout":"default","site-content-style":"default","site-sidebar-style":"default","ast-global-header-display":"","ast-banner-title-visibility":"","ast-main-header-display":"","ast-hfb-above-header-display":"","ast-hfb-below-header-display":"","ast-hfb-mobile-header-display":"","site-post-title":"","ast-breadcrumbs-content":"","ast-featured-img":"","footer-sml-layout":"","theme-transparent-header-meta":"default","adv-header-id-meta":"","stick-header-meta":"","header-above-stick-meta":"","header-main-stick-meta":"","header-below-stick-meta":"","astra-migrate-meta-layouts":"set","ast-page-background-enabled":"default","ast-page-background-meta":{"desktop":{"background-color":"var(--ast-global-color-5)","background-image":"","background-repeat":"repeat","background-position":"center center","background-size":"auto","background-attachment":"scroll","background-type":"","background-media":"","overlay-type":"","overlay-color":"","overlay-opacity":"","overlay-gradient":""},"tablet":{"background-color":"","background-image":"","background-repeat":"repeat","background-position":"center center","background-size":"auto","background-attachment":"scroll","background-type":"","background-media":"","overlay-type":"","overlay-color":"","overlay-opacity":"","overlay-gradient":""},"mobile":{"background-color":"","background-image":"","background-repeat":"repeat","background-position":"center center","background-size":"auto","background-attachment":"scroll","background-type":"","background-media":"","overlay-type":"","overlay-color":"","overlay-opacity":"","overlay-gradient":""}},"ast-content-background-meta":{"desktop":{"background-color":"var(--ast-global-color-4)","background-image":"","background-repeat":"repeat","background-position":"center center","background-size":"auto","background-attachment":"scroll","background-type":"","background-media":"","overlay-type":"","overlay-color":"","overlay-opacity":"","overlay-gradient":""},"tablet":{"background-color":"var(--ast-global-color-4)","background-image":"","background-repeat":"repeat","background-position":"center center","background-size":"auto","background-attachment":"scroll","background-type":"","background-media":"","overlay-type":"","overlay-color":"","overlay-opacity":"","overlay-gradient":""},"mobile":{"background-color":"var(--ast-global-color-4)","background-image":"","background-repeat":"repeat","background-position":"center center","background-size":"auto","background-attachment":"scroll","background-type":"","background-media":"","overlay-type":"","overlay-color":"","overlay-opacity":"","overlay-gradient":""}},"_joinchat":[]},"product_brand":[],"product_cat":[156],"product_tag":[],"class_list":{"0":"post-5269","1":"product","2":"type-product","3":"status-publish","4":"has-post-thumbnail","6":"product_cat-oleo-cbd","7":"desktop-align-left","8":"tablet-align-left","9":"mobile-align-left","11":"first","12":"instock","13":"taxable","14":"shipping-taxable","15":"purchasable","16":"product-type-simple"},"acf":[],"_links":{"self":[{"href":"https:\/\/maionais.com\/pt-pt\/wp-json\/wp\/v2\/product\/5269","targetHints":{"allow":["GET"]}}],"collection":[{"href":"https:\/\/maionais.com\/pt-pt\/wp-json\/wp\/v2\/product"}],"about":[{"href":"https:\/\/maionais.com\/pt-pt\/wp-json\/wp\/v2\/types\/product"}],"replies":[{"embeddable":true,"href":"https:\/\/maionais.com\/pt-pt\/wp-json\/wp\/v2\/comments?post=5269"}],"wp:featuredmedia":[{"embeddable":true,"href":"https:\/\/maionais.com\/pt-pt\/wp-json\/wp\/v2\/media\/1400"}],"wp:attachment":[{"href":"https:\/\/maionais.com\/pt-pt\/wp-json\/wp\/v2\/media?parent=5269"}],"wp:term":[{"taxonomy":"product_brand","embeddable":true,"href":"https:\/\/maionais.com\/pt-pt\/wp-json\/wp\/v2\/product_brand?post=5269"},{"taxonomy":"product_cat","embeddable":true,"href":"https:\/\/maionais.com\/pt-pt\/wp-json\/wp\/v2\/product_cat?post=5269"},{"taxonomy":"product_tag","embeddable":true,"href":"https:\/\/maionais.com\/pt-pt\/wp-json\/wp\/v2\/product_tag?post=5269"}],"curies":[{"name":"wp","href":"https:\/\/api.w.org\/{rel}","templated":true}]}}