{"id":8789,"date":"2026-02-06T13:54:02","date_gmt":"2026-02-06T13:54:02","guid":{"rendered":"https:\/\/maionais.com\/?post_type=product&#038;p=8789"},"modified":"2026-03-14T14:46:51","modified_gmt":"2026-03-14T14:46:51","slug":"botoes-cbd-apple-cider-copia","status":"publish","type":"product","link":"https:\/\/maionais.com\/pt-pt\/cbd-buds\/botoes-cbd-apple-cider-copia\/","title":{"rendered":"Bot\u00f5es CBD Apple Cider (copia)"},"content":{"rendered":"<p><strong>Vis\u00e3o geral:<\/strong><\/p>\n<p>O CBD de cidra de ma\u00e7\u00e3 \u00e9 apresentado com uma fragr\u00e2ncia doce e envolvente que lembra uma ma\u00e7\u00e3 rec\u00e9m-cortada, com um toque maduro e suculento que \u00e9 percet\u00edvel desde o primeiro momento. O seu perfil frutado \u00e9 suave mas persistente, oferecendo uma sensa\u00e7\u00e3o reconfortante e calorosa. \u00c9 uma flor desenhada para quem procura uma concentra\u00e7\u00e3o mais moderada de CBD mas com grande express\u00e3o arom\u00e1tica.<\/p>\n<p>Perfil canabin\u00f3ide: CBD: &lt; 6% &#8211; THC: &lt; 0.2%<\/p>\n<p><strong>Aspeto:<\/strong><\/p>\n<p>O CBD de cidra de ma\u00e7\u00e3 mostra uma flor que mostra o cuidado do seu desenvolvimento em cada detalhe. A sua apar\u00eancia reflete a influ\u00eancia direta do sol, gra\u00e7as ao seu cuidadoso cultivo ao ar livre, com caracter\u00edsticas que evocam uma flora\u00e7\u00e3o madura e um processo de crescimento org\u00e2nico e natural.<\/p>\n<p><strong>Aroma:<\/strong><\/p>\n<p>\u00c0 medida que voc\u00ea se aproxima, voc\u00ea notar\u00e1 uma fragr\u00e2ncia clara e doce que lembra o suco de ma\u00e7\u00e3 maduro. Este perfil frutado, agrad\u00e1vel e redondo, desenrola-se suavemente e deixa uma mem\u00f3ria fresca, sem choques ou contrastes agressivos.<\/p>\n<p><strong>M\u00e9todo de cultivo:<\/strong><\/p>\n<p>Esta flor \u00e9 cultivada ao ar livre, permitindo que o ambiente natural e a exposi\u00e7\u00e3o solar potenciem as suas notas frutadas de uma forma genu\u00edna. O cultivo ao ar livre promove um amadurecimento mais progressivo, o que ajuda a preservar a delicadeza do seu aroma e a desenvolver bot\u00f5es com um car\u00e1ter mais expressivo e aut\u00eantico.<\/p>\n<p><strong>Perfil Terpeno:<\/strong><\/p>\n<p>O CBD de cidra de ma\u00e7\u00e3 \u00e9 dominado pelo limoneno e ocimeno, que trabalham juntos para construir seu car\u00e1ter frutado e suave. O limoneno traz aquele frescor leve e doce que lembra casca de ma\u00e7\u00e3 e frutas c\u00edtricas macias, causando a primeira impress\u00e3o arom\u00e1tica. Por sua vez, o ocimene suporta a base suculenta e floral, dando volume e redondeza ao todo. Esta combina\u00e7\u00e3o permite que o aroma doce de ma\u00e7\u00e3 seja expresso de forma clara, mantendo uma sensa\u00e7\u00e3o natural e equilibrada.<\/p>\n<p><strong>Nota legal:<\/strong> Use para coletar. &lt;THC 0,2% de acordo com o Real Decreto 1729\/1999.<\/p>\n","protected":false},"excerpt":{"rendered":"<p>O CBD de cidra de ma\u00e7\u00e3 \u00e9 apresentado com uma fragr\u00e2ncia doce e envolvente que lembra uma ma\u00e7\u00e3 rec\u00e9m-cortada, com um toque maduro e suculento que \u00e9 percet\u00edvel desde o primeiro momento. O seu perfil frutado \u00e9 suave mas persistente, oferecendo uma sensa\u00e7\u00e3o reconfortante e calorosa. \u00c9 um <a href=\"https:\/\/maionais.com\/pt-pt\/cbd-buds\/\">bot\u00e3o cbd ao ar livre<\/a> da <a href=\"https:\/\/maionais.com\/pt-pt\/\">Maionais<\/a> projetado para aqueles que procuram uma concentra\u00e7\u00e3o mais moderada de CBD, mas com grande express\u00e3o arom\u00e1tica.<\/p>\n","protected":false},"featured_media":3174,"comment_status":"open","ping_status":"closed","template":"","meta":{"_acf_changed":false,"_eb_attr":"","site-sidebar-layout":"default","site-content-layout":"","ast-site-content-layout":"default","site-content-style":"default","site-sidebar-style":"default","ast-global-header-display":"","ast-banner-title-visibility":"","ast-main-header-display":"","ast-hfb-above-header-display":"","ast-hfb-below-header-display":"","ast-hfb-mobile-header-display":"","site-post-title":"","ast-breadcrumbs-content":"","ast-featured-img":"","footer-sml-layout":"","theme-transparent-header-meta":"default","adv-header-id-meta":"","stick-header-meta":"","header-above-stick-meta":"","header-main-stick-meta":"","header-below-stick-meta":"","astra-migrate-meta-layouts":"set","ast-page-background-enabled":"default","ast-page-background-meta":{"desktop":{"background-color":"var(--ast-global-color-5)","background-image":"","background-repeat":"repeat","background-position":"center center","background-size":"auto","background-attachment":"scroll","background-type":"","background-media":"","overlay-type":"","overlay-color":"","overlay-opacity":"","overlay-gradient":""},"tablet":{"background-color":"","background-image":"","background-repeat":"repeat","background-position":"center center","background-size":"auto","background-attachment":"scroll","background-type":"","background-media":"","overlay-type":"","overlay-color":"","overlay-opacity":"","overlay-gradient":""},"mobile":{"background-color":"","background-image":"","background-repeat":"repeat","background-position":"center center","background-size":"auto","background-attachment":"scroll","background-type":"","background-media":"","overlay-type":"","overlay-color":"","overlay-opacity":"","overlay-gradient":""}},"ast-content-background-meta":{"desktop":{"background-color":"var(--ast-global-color-4)","background-image":"","background-repeat":"repeat","background-position":"center center","background-size":"auto","background-attachment":"scroll","background-type":"","background-media":"","overlay-type":"","overlay-color":"","overlay-opacity":"","overlay-gradient":""},"tablet":{"background-color":"var(--ast-global-color-4)","background-image":"","background-repeat":"repeat","background-position":"center center","background-size":"auto","background-attachment":"scroll","background-type":"","background-media":"","overlay-type":"","overlay-color":"","overlay-opacity":"","overlay-gradient":""},"mobile":{"background-color":"var(--ast-global-color-4)","background-image":"","background-repeat":"repeat","background-position":"center center","background-size":"auto","background-attachment":"scroll","background-type":"","background-media":"","overlay-type":"","overlay-color":"","overlay-opacity":"","overlay-gradient":""}},"_joinchat":[]},"product_brand":[],"product_cat":[152,144],"product_tag":[],"class_list":{"0":"post-8789","1":"product","2":"type-product","3":"status-publish","4":"has-post-thumbnail","6":"product_cat-cbd-buds","7":"product_cat-outdoor-pt-pt","8":"desktop-align-left","9":"tablet-align-left","10":"mobile-align-left","12":"first","13":"instock","14":"taxable","15":"shipping-taxable","16":"purchasable","17":"product-type-variable","18":"has-default-attributes","19":"wvs-archive-product-wrapper"},"acf":[],"_links":{"self":[{"href":"https:\/\/maionais.com\/pt-pt\/wp-json\/wp\/v2\/product\/8789","targetHints":{"allow":["GET"]}}],"collection":[{"href":"https:\/\/maionais.com\/pt-pt\/wp-json\/wp\/v2\/product"}],"about":[{"href":"https:\/\/maionais.com\/pt-pt\/wp-json\/wp\/v2\/types\/product"}],"replies":[{"embeddable":true,"href":"https:\/\/maionais.com\/pt-pt\/wp-json\/wp\/v2\/comments?post=8789"}],"wp:featuredmedia":[{"embeddable":true,"href":"https:\/\/maionais.com\/pt-pt\/wp-json\/wp\/v2\/media\/3174"}],"wp:attachment":[{"href":"https:\/\/maionais.com\/pt-pt\/wp-json\/wp\/v2\/media?parent=8789"}],"wp:term":[{"taxonomy":"product_brand","embeddable":true,"href":"https:\/\/maionais.com\/pt-pt\/wp-json\/wp\/v2\/product_brand?post=8789"},{"taxonomy":"product_cat","embeddable":true,"href":"https:\/\/maionais.com\/pt-pt\/wp-json\/wp\/v2\/product_cat?post=8789"},{"taxonomy":"product_tag","embeddable":true,"href":"https:\/\/maionais.com\/pt-pt\/wp-json\/wp\/v2\/product_tag?post=8789"}],"curies":[{"name":"wp","href":"https:\/\/api.w.org\/{rel}","templated":true}]}}